{"id":3002,"date":"2022-07-14T10:31:35","date_gmt":"2022-07-14T10:31:35","guid":{"rendered":"http:\/\/proxeedcar.com\/?post_type=product&#038;p=3002"},"modified":"2025-09-14T09:42:45","modified_gmt":"2025-09-14T08:42:45","slug":"dacia-logan-2022","status":"publish","type":"product","link":"https:\/\/proxeedcar.com\/en\/product\/dacia-logan-2022\/","title":{"rendered":"Dacia Logan 2022"},"content":{"rendered":"","protected":false},"excerpt":{"rendered":"<p>Citadine con\u00e7ue pour la conduite urbaine, combinant la technologie hybride de 4\u00e8me g\u00e9n\u00e9ration et un esprit design \u00ab Pr\u00eat \u00e0 bondir \u00bb r\u00e9solument dynamique et en qu\u00eate d\u2019action.<\/p>","protected":false},"featured_media":3348,"comment_status":"open","ping_status":"closed","template":"","meta":[],"product_brand":[],"product_cat":[61],"product_tag":[],"class_list":{"0":"post-3002","1":"product","2":"type-product","3":"status-publish","4":"has-post-thumbnail","6":"type-car","7":"manufacturer-dacia","8":"steering-left","9":"gearbox-mechanic","10":"product_cat-car","12":"first","13":"instock","14":"shipping-taxable","15":"purchasable","16":"product-type-ovacrs_car_rental"},"_links":{"self":[{"href":"https:\/\/proxeedcar.com\/en\/wp-json\/wp\/v2\/product\/3002","targetHints":{"allow":["GET"]}}],"collection":[{"href":"https:\/\/proxeedcar.com\/en\/wp-json\/wp\/v2\/product"}],"about":[{"href":"https:\/\/proxeedcar.com\/en\/wp-json\/wp\/v2\/types\/product"}],"replies":[{"embeddable":true,"href":"https:\/\/proxeedcar.com\/en\/wp-json\/wp\/v2\/comments?post=3002"}],"wp:featuredmedia":[{"embeddable":true,"href":"https:\/\/proxeedcar.com\/en\/wp-json\/wp\/v2\/media\/3348"}],"wp:attachment":[{"href":"https:\/\/proxeedcar.com\/en\/wp-json\/wp\/v2\/media?parent=3002"}],"wp:term":[{"taxonomy":"product_brand","embeddable":true,"href":"https:\/\/proxeedcar.com\/en\/wp-json\/wp\/v2\/product_brand?post=3002"},{"taxonomy":"product_cat","embeddable":true,"href":"https:\/\/proxeedcar.com\/en\/wp-json\/wp\/v2\/product_cat?post=3002"},{"taxonomy":"product_tag","embeddable":true,"href":"https:\/\/proxeedcar.com\/en\/wp-json\/wp\/v2\/product_tag?post=3002"}],"curies":[{"name":"wp","href":"https:\/\/api.w.org\/{rel}","templated":true}]}}