{"id":3360,"date":"2025-02-04T14:26:23","date_gmt":"2025-02-04T14:26:23","guid":{"rendered":"https:\/\/proxeedcar.com\/?post_type=product&#038;p=3360"},"modified":"2025-09-01T22:42:11","modified_gmt":"2025-09-01T21:42:11","slug":"seat-ateca-2024","status":"publish","type":"product","link":"https:\/\/proxeedcar.com\/en\/product\/seat-ateca-2024\/","title":{"rendered":"Seat ateca 2024"},"content":{"rendered":"","protected":false},"excerpt":{"rendered":"<p>Citadine con\u00e7ue pour la conduite urbaine, combinant la technologie hybride de 4\u00e8me g\u00e9n\u00e9ration et un esprit design \u00ab Pr\u00eat \u00e0 bondir \u00bb r\u00e9solument dynamique et en qu\u00eate d\u2019action.<\/p>","protected":false},"featured_media":3363,"comment_status":"open","ping_status":"closed","template":"","meta":[],"product_brand":[],"product_cat":[61],"product_tag":[],"class_list":{"0":"post-3360","1":"product","2":"type-product","3":"status-publish","4":"has-post-thumbnail","6":"manufacturer-seat","7":"product_cat-car","9":"first","10":"instock","11":"shipping-taxable","12":"purchasable","13":"product-type-ovacrs_car_rental"},"_links":{"self":[{"href":"https:\/\/proxeedcar.com\/en\/wp-json\/wp\/v2\/product\/3360","targetHints":{"allow":["GET"]}}],"collection":[{"href":"https:\/\/proxeedcar.com\/en\/wp-json\/wp\/v2\/product"}],"about":[{"href":"https:\/\/proxeedcar.com\/en\/wp-json\/wp\/v2\/types\/product"}],"replies":[{"embeddable":true,"href":"https:\/\/proxeedcar.com\/en\/wp-json\/wp\/v2\/comments?post=3360"}],"wp:featuredmedia":[{"embeddable":true,"href":"https:\/\/proxeedcar.com\/en\/wp-json\/wp\/v2\/media\/3363"}],"wp:attachment":[{"href":"https:\/\/proxeedcar.com\/en\/wp-json\/wp\/v2\/media?parent=3360"}],"wp:term":[{"taxonomy":"product_brand","embeddable":true,"href":"https:\/\/proxeedcar.com\/en\/wp-json\/wp\/v2\/product_brand?post=3360"},{"taxonomy":"product_cat","embeddable":true,"href":"https:\/\/proxeedcar.com\/en\/wp-json\/wp\/v2\/product_cat?post=3360"},{"taxonomy":"product_tag","embeddable":true,"href":"https:\/\/proxeedcar.com\/en\/wp-json\/wp\/v2\/product_tag?post=3360"}],"curies":[{"name":"wp","href":"https:\/\/api.w.org\/{rel}","templated":true}]}}